{"id":27,"date":"2019-06-11T15:48:30","date_gmt":"2019-06-11T15:48:30","guid":{"rendered":"http:\/\/chalesdoatlantico.com\/algodoal\/?page_id=27"},"modified":"2019-06-26T20:55:33","modified_gmt":"2019-06-26T20:55:33","slug":"o-para","status":"publish","type":"page","link":"http:\/\/chalesdoatlantico.com\/algodoal\/o-para\/","title":{"rendered":"O Par\u00e1"},"content":{"rendered":"\n<div class=\"wp-block-image\"><figure class=\"alignleft is-resized\"><img loading=\"lazy\" decoding=\"async\" src=\"http:\/\/chalesdoatlantico.com\/algodoal\/wp-content\/uploads\/2019\/06\/Bandeira_do_Par\u00e1.svg_-1024x682.png\" alt=\"\" class=\"wp-image-193\" width=\"134\" height=\"89\" srcset=\"http:\/\/chalesdoatlantico.com\/algodoal\/wp-content\/uploads\/2019\/06\/Bandeira_do_Par\u00e1.svg_-1024x682.png 1024w, http:\/\/chalesdoatlantico.com\/algodoal\/wp-content\/uploads\/2019\/06\/Bandeira_do_Par\u00e1.svg_-300x200.png 300w, http:\/\/chalesdoatlantico.com\/algodoal\/wp-content\/uploads\/2019\/06\/Bandeira_do_Par\u00e1.svg_-768x512.png 768w, http:\/\/chalesdoatlantico.com\/algodoal\/wp-content\/uploads\/2019\/06\/Bandeira_do_Par\u00e1.svg_.png 2000w\" sizes=\"(max-width: 134px) 100vw, 134px\" \/><\/figure><\/div>\n\n\n\n<p>Com um territ\u00f3rio de aproximadamente 1.248.042\u00a0km\u00b2, o que corresponde a 26% do territ\u00f3rio amaz\u00f4nico, o\u00a0Par\u00e1\u00a0\u00e9 dividido em 144 munic\u00edpios, onde vivem um pouco mais de oito milh\u00f5es de pessoas, que dedicam a atividades nos tr\u00eas setores principais da economia: prim\u00e1rio, secund\u00e1rio e terci\u00e1rio. Atualmente, a economia do Estado est\u00e1 focada em uma tr\u00edade que se baseia nas voca\u00e7\u00f5es naturais do territ\u00f3rio paraense: agroind\u00fastria, verticaliza\u00e7\u00e3o mineral, turismo e as comidas tipicas.<\/p>\n\n\n\n<p>Destas tr\u00eas atividades, o turismo \u00e9, com certeza, a atividade que tem grande chance de se consolidar como um dos setores de maior atra\u00e7\u00e3o para o emprego e gera\u00e7\u00e3o de renda. O Estado oferece grandes atrativos tur\u00edsticos, principalmente de origem natural, fato atestado pela Organiza\u00e7\u00e3o dos Estados Americanos (OEA), que concluiu que o Par\u00e1 \u00e9 dono de 49% das atra\u00e7\u00f5es naturais da Amaz\u00f4nia. O est\u00edmulo \u00e0 atividade tur\u00edstica se d\u00e1 por dois fatores: a execu\u00e7\u00e3o de obras que embelezam cidades paraenses e a divis\u00e3o do Estado em seis p\u00f3los tur\u00edsticos, que contemplam diversas vertentes da atividade.<\/p>\n\n\n\n<figure class=\"wp-block-image\"><img loading=\"lazy\" decoding=\"async\" width=\"750\" height=\"612\" src=\"http:\/\/chalesdoatlantico.com\/algodoal\/wp-content\/uploads\/2019\/06\/turismo-belem-capa_01.jpg\" alt=\"\" class=\"wp-image-195\" srcset=\"http:\/\/chalesdoatlantico.com\/algodoal\/wp-content\/uploads\/2019\/06\/turismo-belem-capa_01.jpg 750w, http:\/\/chalesdoatlantico.com\/algodoal\/wp-content\/uploads\/2019\/06\/turismo-belem-capa_01-300x245.jpg 300w\" sizes=\"(max-width: 750px) 100vw, 750px\" \/><figcaption> Frente de Bel\u00e9m &#8211; Capital Paraense &#8211; Foto: Divulga\u00e7\u00e3o <\/figcaption><\/figure>\n\n\n\n<p style=\"font-size:8px\">Texto: wikipedia.org<\/p>\n","protected":false},"excerpt":{"rendered":"<p>Com um territ\u00f3rio de aproximadamente 1.248.042\u00a0km\u00b2, o que corresponde a 26% do territ\u00f3rio amaz\u00f4nico, o\u00a0Par\u00e1\u00a0\u00e9 dividido em 144 munic\u00edpios, onde vivem um pouco mais de oito milh\u00f5es de pessoas, que dedicam a atividades nos tr\u00eas setores principais da economia: prim\u00e1rio, secund\u00e1rio e terci\u00e1rio. Atualmente, a economia do Estado est\u00e1 focada em uma tr\u00edade que se [&hellip;]<\/p>\n","protected":false},"author":1,"featured_media":0,"parent":0,"menu_order":3,"comment_status":"closed","ping_status":"closed","template":"","meta":{"footnotes":""},"_links":{"self":[{"href":"http:\/\/chalesdoatlantico.com\/algodoal\/wp-json\/wp\/v2\/pages\/27"}],"collection":[{"href":"http:\/\/chalesdoatlantico.com\/algodoal\/wp-json\/wp\/v2\/pages"}],"about":[{"href":"http:\/\/chalesdoatlantico.com\/algodoal\/wp-json\/wp\/v2\/types\/page"}],"author":[{"embeddable":true,"href":"http:\/\/chalesdoatlantico.com\/algodoal\/wp-json\/wp\/v2\/users\/1"}],"replies":[{"embeddable":true,"href":"http:\/\/chalesdoatlantico.com\/algodoal\/wp-json\/wp\/v2\/comments?post=27"}],"version-history":[{"count":6,"href":"http:\/\/chalesdoatlantico.com\/algodoal\/wp-json\/wp\/v2\/pages\/27\/revisions"}],"predecessor-version":[{"id":251,"href":"http:\/\/chalesdoatlantico.com\/algodoal\/wp-json\/wp\/v2\/pages\/27\/revisions\/251"}],"wp:attachment":[{"href":"http:\/\/chalesdoatlantico.com\/algodoal\/wp-json\/wp\/v2\/media?parent=27"}],"curies":[{"name":"wp","href":"https:\/\/api.w.org\/{rel}","templated":true}]}}