{"id":29,"date":"2019-06-11T15:48:51","date_gmt":"2019-06-11T15:48:51","guid":{"rendered":"http:\/\/chalesdoatlantico.com\/algodoal\/?page_id=29"},"modified":"2023-03-17T16:35:50","modified_gmt":"2023-03-17T16:35:50","slug":"contato","status":"publish","type":"page","link":"http:\/\/chalesdoatlantico.com\/algodoal\/contato\/","title":{"rendered":"Contato"},"content":{"rendered":"\n<p>Para chegar at\u00e9 a <strong>Ilha de Algodoal<\/strong>, acesse a <strong>BR-316<\/strong> passando pelo munic\u00edpio de <strong>Ananindeua at\u00e9 Castanhal<\/strong>, de l\u00e1, acesse a<strong> PA 127<\/strong> at\u00e9 o trevo de Curu\u00e7a, curve a direita rumo a Marapanim. Em Marud\u00e1, v\u00e1 at\u00e9 o <strong>Porto Fluvial<\/strong> (travessia Marud\u00e1 para Algodoal).  Viagem de carro 170km<\/p>\n\n\n\n<p>Valor da passagem <strong>Bel\u00e9m &#8211; Marud\u00e1 R$ 40,00<\/strong><\/p>\n\n\n\n<p> Travessia <strong>Marud\u00e1 &#8211; Algodoal R$ 17,00<\/strong> (03\/2023)<\/p>\n\n\n\n<p style=\"font-size:21px\"><strong>Pousada Chal\u00e9s do Atl\u00e2ntico<\/strong><\/p>\n\n\n\n<p>Endere\u00e7o: Rua Bertoldo Costa, n\u00ba 33<br>Bairro Caixa D\u2019\u00e1gua<br>Vila de Algodoal &#8211; Maracan\u00e3\/Pa<br>CEP. 68712-000  <\/p>\n\n\n\n<p style=\"font-size:18px\"><strong>Fone:<\/strong> 91-98215-7170 <a rel=\"noreferrer noopener\" aria-label=\"\ufffc (abre numa nova aba)\" href=\"https:\/\/wa.me\/5591982157170\" target=\"_blank\"><img loading=\"lazy\" decoding=\"async\" width=\"512\" height=\"512\" class=\"wp-image-229\" style=\"width: 20px;\" src=\"http:\/\/chalesdoatlantico.com\/algodoal\/wp-content\/uploads\/2019\/06\/whatsapp-icone-2.png\" alt=\"\" srcset=\"http:\/\/chalesdoatlantico.com\/algodoal\/wp-content\/uploads\/2019\/06\/whatsapp-icone-2.png 512w, http:\/\/chalesdoatlantico.com\/algodoal\/wp-content\/uploads\/2019\/06\/whatsapp-icone-2-150x150.png 150w, http:\/\/chalesdoatlantico.com\/algodoal\/wp-content\/uploads\/2019\/06\/whatsapp-icone-2-300x300.png 300w\" sizes=\"(max-width: 512px) 100vw, 512px\" \/><\/a> (<a rel=\"noreferrer noopener\" aria-label=\"add (abre numa nova aba)\" href=\"https:\/\/wa.me\/5591982157170\" target=\"_blank\">add<\/a>)  <\/p>\n\n\n\n<p>Outros contatos:<\/p>\n\n\n\n<p>Porto \/ Guich\u00ea Algodoal: 91 98701-8061 <\/p>\n\n\n\n<figure class=\"wp-block-image\"><img loading=\"lazy\" decoding=\"async\" width=\"118\" height=\"70\" src=\"http:\/\/chalesdoatlantico.com\/algodoal\/wp-content\/uploads\/2019\/07\/1.jpg\" alt=\"\" class=\"wp-image-263\"\/><\/figure>\n\n\n\n<figure class=\"wp-block-image is-resized\"><img loading=\"lazy\" decoding=\"async\" src=\"http:\/\/chalesdoatlantico.com\/algodoal\/wp-content\/uploads\/2019\/07\/Bandeiras-Cart\u00f5es.png\" alt=\"\" class=\"wp-image-267\" width=\"202\" height=\"36\" srcset=\"http:\/\/chalesdoatlantico.com\/algodoal\/wp-content\/uploads\/2019\/07\/Bandeiras-Cart\u00f5es.png 814w, http:\/\/chalesdoatlantico.com\/algodoal\/wp-content\/uploads\/2019\/07\/Bandeiras-Cart\u00f5es-300x55.png 300w, http:\/\/chalesdoatlantico.com\/algodoal\/wp-content\/uploads\/2019\/07\/Bandeiras-Cart\u00f5es-768x142.png 768w\" sizes=\"(max-width: 202px) 100vw, 202px\" \/><\/figure>\n\n\n\n<p><strong>Instagram:<\/strong> @chalesdoatlantico<\/p>\n\n\n\n<p><strong>Facebook:<\/strong>  <a rel=\"noreferrer noopener\" aria-label=\" (abre numa nova aba)\" href=\"https:\/\/www.facebook.com\/pousadaatlanticoalgodoal\/\" target=\"_blank\">www.facebook.com\/pousadaatlanticoalgodoal\/<\/a> <\/p>\n\n\n\n<p><strong>E-mail:<\/strong> catlantico@gmail.com<\/p>\n\n\n\n<p class=\"has-luminous-vivid-orange-color has-text-color\"><strong>Chek-in: 13h &#8211; Chek-out: 12h (toler\u00e2ncia 1h) <\/strong><\/p>\n\n\n\n<p>Obs.: Hospedagem fora dos hor\u00e1rios estar\u00e3o sujeitos a taxas extras.<\/p>\n\n\n\n<p><\/p>\n\n\n\n<p><p>Mapa:<\/p><iframe loading=\"lazy\" src=\"https:\/\/www.google.com\/maps\/embed?pb=!1m26!1m12!1m3!1d1021200.376195896!2d-48.528358989539626!3d-1.1141780509025268!2m3!1f0!2f0!3f0!3m2!1i1024!2i768!4f13.1!4m11!3e0!4m3!3m2!1d-0.7135227!2d-47.7153923!4m5!1s0x92a461af84756ce1%3A0x570d540215864c35!2zYmVsw6lt!3m2!1d-1.4557548999999999!2d-48.4901799!5e0!3m2!1spt-BR!2sbr!4v1561007145927!5m2!1spt-BR!2sbr\" width=\"600\" height=\"450\" frameborder=\"0\" style=\"border:0\" allowfullscreen=\"\"><\/iframe><\/p>\n","protected":false},"excerpt":{"rendered":"<p>Para chegar at\u00e9 a Ilha de Algodoal, acesse a BR-316 passando pelo munic\u00edpio de Ananindeua at\u00e9 Castanhal, de l\u00e1, acesse a PA 127 at\u00e9 o trevo de Curu\u00e7a, curve a direita rumo a Marapanim. Em Marud\u00e1, v\u00e1 at\u00e9 o Porto Fluvial (travessia Marud\u00e1 para Algodoal). Viagem de carro 170km Valor da passagem Bel\u00e9m &#8211; Marud\u00e1 [&hellip;]<\/p>\n","protected":false},"author":1,"featured_media":0,"parent":0,"menu_order":4,"comment_status":"closed","ping_status":"closed","template":"","meta":{"footnotes":""},"_links":{"self":[{"href":"http:\/\/chalesdoatlantico.com\/algodoal\/wp-json\/wp\/v2\/pages\/29"}],"collection":[{"href":"http:\/\/chalesdoatlantico.com\/algodoal\/wp-json\/wp\/v2\/pages"}],"about":[{"href":"http:\/\/chalesdoatlantico.com\/algodoal\/wp-json\/wp\/v2\/types\/page"}],"author":[{"embeddable":true,"href":"http:\/\/chalesdoatlantico.com\/algodoal\/wp-json\/wp\/v2\/users\/1"}],"replies":[{"embeddable":true,"href":"http:\/\/chalesdoatlantico.com\/algodoal\/wp-json\/wp\/v2\/comments?post=29"}],"version-history":[{"count":26,"href":"http:\/\/chalesdoatlantico.com\/algodoal\/wp-json\/wp\/v2\/pages\/29\/revisions"}],"predecessor-version":[{"id":885,"href":"http:\/\/chalesdoatlantico.com\/algodoal\/wp-json\/wp\/v2\/pages\/29\/revisions\/885"}],"wp:attachment":[{"href":"http:\/\/chalesdoatlantico.com\/algodoal\/wp-json\/wp\/v2\/media?parent=29"}],"curies":[{"name":"wp","href":"https:\/\/api.w.org\/{rel}","templated":true}]}}