{"id":294,"date":"2019-08-01T18:11:53","date_gmt":"2019-08-01T18:11:53","guid":{"rendered":"http:\/\/chalesdoatlantico.com\/algodoal\/?page_id=294"},"modified":"2024-07-16T18:41:39","modified_gmt":"2024-07-16T18:41:39","slug":"pacotes-de-hospedagem-2","status":"publish","type":"page","link":"http:\/\/chalesdoatlantico.com\/algodoal\/pacotes-de-hospedagem-2\/","title":{"rendered":"Pacotes e Reservas"},"content":{"rendered":"<p style=\"text-align: justify;\">A <strong>Pousada Chal\u00e9s do Atl\u00e2ntico<\/strong> est\u00e1 rodeada por um para\u00edso tropical que disp\u00f5e de um conjunto de atrativos, incluindo uma expansiva faixa de praia a beira do oceano atl\u00e2ntico, de areia branca e bem pertinho.<\/p>\n<p>E para conhecer essa maravilha\u00a0 preparamos pacotes de hospedagem com pre\u00e7os promocionais e em datas estrat\u00e9gicas para lhe atender.<\/p>\n<p>Aconpenhe nossos pacotes pelo\u00a0<a href=\"https:\/\/www.instagram.com\/chalesdoatlantico\/\" target=\"_blank\" rel=\"noopener\"> instagran<\/a><\/p>\n<p>\/\/\/\/\/\/\/\/\/\/\/\/\/\/\/\/\/\/\/\/\/\/\/\/\/\/\/\/\/\/\/\/\/\/\/\/\/\/\/\/\/\/\/\/\/\/\/\/\/\/\/\/\/\/\/\/\/\/\/\/\/\/\/\/\/\/\/\/\/\/\/\/\/\/\/\/\/\/\/\/\/\/\/\/\/\/\/\/\/\/\/\/\/\/\/\/\/\/\/\/\/\/\/\/\/\/\/\/\/\/\/\/\/\/\/\/\/\/\/\/\/\/\/\/\/\/\/\/\/\/\/\/\/\/\/\/\/\/\/\/\/\/\/\/\/\/\/<\/p>\n<p>Valores sujeitos a altera\u00e7\u00f5es sem aviso previo.<\/p>\n<p><strong>Fone:<\/strong>\u00a091-98215-7170\u00a0<a href=\"https:\/\/wa.me\/5591982157170\" target=\"_blank\" rel=\"noreferrer noopener\" aria-label=\"\ufffc (abre numa nova aba)\"><img loading=\"lazy\" decoding=\"async\" class=\"wp-image-229\" src=\"http:\/\/chalesdoatlantico.com\/algodoal\/wp-content\/uploads\/2019\/06\/whatsapp-icone-2.png\" sizes=\"(max-width: 512px) 100vw, 512px\" srcset=\"https:\/\/chalesdoatlantico.com\/algodoal\/wp-content\/uploads\/2019\/06\/whatsapp-icone-2.png 512w, https:\/\/chalesdoatlantico.com\/algodoal\/wp-content\/uploads\/2019\/06\/whatsapp-icone-2-150x150.png 150w, https:\/\/chalesdoatlantico.com\/algodoal\/wp-content\/uploads\/2019\/06\/whatsapp-icone-2-300x300.png 300w\" alt=\"\" width=\"21\" height=\"21\" \/><\/a>\u00a0(<a href=\"https:\/\/wa.me\/5591982157170\" target=\"_blank\" rel=\"noreferrer noopener\" aria-label=\"add (abre numa nova aba)\">add<\/a>)<\/p>\n\n\n\n<p>.<\/p>\n<p>.<\/p>\n<p><span style=\"color: #000000;\"><strong>Para melhor atender, temos informa\u00e7\u00f5es importantes. Clique abaixo:<\/strong><\/span><\/p>\n<p><a href=\"http:\/\/chalesdoatlantico.com\/algodoal\/regrasdapousada\/\"><img loading=\"lazy\" decoding=\"async\" class=\"alignnone wp-image-291 size-full\" src=\"http:\/\/chalesdoatlantico.com\/algodoal\/wp-content\/uploads\/2019\/08\/regras-pouada-chal\u00e9s-do-atl\u00e2ntico.jpg\" alt=\"\" width=\"723\" height=\"83\" srcset=\"http:\/\/chalesdoatlantico.com\/algodoal\/wp-content\/uploads\/2019\/08\/regras-pouada-chal\u00e9s-do-atl\u00e2ntico.jpg 723w, http:\/\/chalesdoatlantico.com\/algodoal\/wp-content\/uploads\/2019\/08\/regras-pouada-chal\u00e9s-do-atl\u00e2ntico-300x34.jpg 300w\" sizes=\"(max-width: 723px) 100vw, 723px\" \/><\/a><\/p>","protected":false},"excerpt":{"rendered":"<p>A Pousada Chal\u00e9s do Atl\u00e2ntico est\u00e1 rodeada por um para\u00edso tropical que disp\u00f5e de um conjunto de atrativos, incluindo uma expansiva faixa de praia a beira do oceano atl\u00e2ntico, de areia branca e bem pertinho. E para conhecer essa maravilha\u00a0 preparamos pacotes de hospedagem com pre\u00e7os promocionais e em datas estrat\u00e9gicas para lhe atender. Aconpenhe [&hellip;]<\/p>\n","protected":false},"author":1,"featured_media":0,"parent":0,"menu_order":0,"comment_status":"closed","ping_status":"closed","template":"","meta":{"footnotes":""},"_links":{"self":[{"href":"http:\/\/chalesdoatlantico.com\/algodoal\/wp-json\/wp\/v2\/pages\/294"}],"collection":[{"href":"http:\/\/chalesdoatlantico.com\/algodoal\/wp-json\/wp\/v2\/pages"}],"about":[{"href":"http:\/\/chalesdoatlantico.com\/algodoal\/wp-json\/wp\/v2\/types\/page"}],"author":[{"embeddable":true,"href":"http:\/\/chalesdoatlantico.com\/algodoal\/wp-json\/wp\/v2\/users\/1"}],"replies":[{"embeddable":true,"href":"http:\/\/chalesdoatlantico.com\/algodoal\/wp-json\/wp\/v2\/comments?post=294"}],"version-history":[{"count":63,"href":"http:\/\/chalesdoatlantico.com\/algodoal\/wp-json\/wp\/v2\/pages\/294\/revisions"}],"predecessor-version":[{"id":966,"href":"http:\/\/chalesdoatlantico.com\/algodoal\/wp-json\/wp\/v2\/pages\/294\/revisions\/966"}],"wp:attachment":[{"href":"http:\/\/chalesdoatlantico.com\/algodoal\/wp-json\/wp\/v2\/media?parent=294"}],"curies":[{"name":"wp","href":"https:\/\/api.w.org\/{rel}","templated":true}]}}