{"id":129,"date":"2019-06-18T18:36:54","date_gmt":"2019-06-18T18:36:54","guid":{"rendered":"http:\/\/chalesdoatlantico.com\/algodoal\/?page_id=129"},"modified":"2023-07-07T18:17:20","modified_gmt":"2023-07-07T18:17:20","slug":"tarifas","status":"publish","type":"page","link":"https:\/\/chalesdoatlantico.com\/algodoal\/tarifas\/","title":{"rendered":"Tarifas"},"content":{"rendered":"\n<p>A Pousada Chal\u00e9s do Atl\u00e2ntico conta com estrutura para melhor atender. Abaixo confira as tarifas:<\/p>\n\n\n\n<p class=\"has-vivid-cyan-blue-color has-text-color has-medium-font-size\"><strong>Chal\u00e9<\/strong>: R$ 430,00 (para 4 pessoas)<\/p>\n\n\n\n<p class=\"has-vivid-cyan-blue-color has-text-color has-medium-font-size\"><strong>Su\u00edte<\/strong>: R$ 330,00 (para casal)<\/p>\n\n\n\n<p class=\"has-medium-font-size\">Pessoa extra: R$ 90,00<\/p>\n\n\n\n<p><strong>&gt;&gt; <\/strong>Perda de chave de Su\u00edte \/ Chal\u00e9 da Pousada: R$ 100,00<\/p>\n\n\n\n<p> Crian\u00e7as a partir de 8 anos s\u00e3o pagantes.<\/p>\n\n\n\n<p>Di\u00e1rias com Caf\u00e9 da Manh\u00e3<\/p>\n\n\n\n<p> Transforme seus momentos na Ilha de Algodoal em&nbsp;memor\u00e1veis, temos a certeza de que voc\u00ea com sua fam\u00edlia poder\u00e3o descansar e vivenciar experi\u00eancias \u00fanicas. <\/p>\n\n\n\n<figure class=\"wp-block-image\"><img loading=\"lazy\" decoding=\"async\" width=\"118\" height=\"70\" src=\"http:\/\/chalesdoatlantico.com\/algodoal\/wp-content\/uploads\/2019\/07\/1.jpg\" alt=\"\" class=\"wp-image-263\"\/><\/figure>\n\n\n\n<figure class=\"wp-block-image is-resized\"><img loading=\"lazy\" decoding=\"async\" src=\"http:\/\/chalesdoatlantico.com\/algodoal\/wp-content\/uploads\/2019\/07\/Bandeiras-Cart\u00f5es.png\" alt=\"\" class=\"wp-image-267\" width=\"169\" height=\"30\" srcset=\"https:\/\/chalesdoatlantico.com\/algodoal\/wp-content\/uploads\/2019\/07\/Bandeiras-Cart\u00f5es.png 814w, https:\/\/chalesdoatlantico.com\/algodoal\/wp-content\/uploads\/2019\/07\/Bandeiras-Cart\u00f5es-300x55.png 300w, https:\/\/chalesdoatlantico.com\/algodoal\/wp-content\/uploads\/2019\/07\/Bandeiras-Cart\u00f5es-768x142.png 768w\" sizes=\"(max-width: 169px) 100vw, 169px\" \/><\/figure>\n\n\n\n\n\n<p><a href=\"http:\/\/chalesdoatlantico.com\/algodoal\/pacotes-de-hospedagem-2\/\">Click e veja Pacotes e Reservas<\/a><\/p>\n\n\n\n<p><\/p>\n","protected":false},"excerpt":{"rendered":"<p>A Pousada Chal\u00e9s do Atl\u00e2ntico conta com estrutura para melhor atender. Abaixo confira as tarifas: Chal\u00e9: R$ 430,00 (para 4 pessoas) Su\u00edte: R$ 330,00 (para casal) Pessoa extra: R$ 90,00 &gt;&gt; Perda de chave de Su\u00edte \/ Chal\u00e9 da Pousada: R$ 100,00 Crian\u00e7as a partir de 8 anos s\u00e3o pagantes. Di\u00e1rias com Caf\u00e9 da Manh\u00e3 [&hellip;]<\/p>\n","protected":false},"author":1,"featured_media":168,"parent":0,"menu_order":0,"comment_status":"closed","ping_status":"closed","template":"","meta":{"footnotes":""},"_links":{"self":[{"href":"https:\/\/chalesdoatlantico.com\/algodoal\/wp-json\/wp\/v2\/pages\/129"}],"collection":[{"href":"https:\/\/chalesdoatlantico.com\/algodoal\/wp-json\/wp\/v2\/pages"}],"about":[{"href":"https:\/\/chalesdoatlantico.com\/algodoal\/wp-json\/wp\/v2\/types\/page"}],"author":[{"embeddable":true,"href":"https:\/\/chalesdoatlantico.com\/algodoal\/wp-json\/wp\/v2\/users\/1"}],"replies":[{"embeddable":true,"href":"https:\/\/chalesdoatlantico.com\/algodoal\/wp-json\/wp\/v2\/comments?post=129"}],"version-history":[{"count":24,"href":"https:\/\/chalesdoatlantico.com\/algodoal\/wp-json\/wp\/v2\/pages\/129\/revisions"}],"predecessor-version":[{"id":917,"href":"https:\/\/chalesdoatlantico.com\/algodoal\/wp-json\/wp\/v2\/pages\/129\/revisions\/917"}],"wp:featuredmedia":[{"embeddable":true,"href":"https:\/\/chalesdoatlantico.com\/algodoal\/wp-json\/wp\/v2\/media\/168"}],"wp:attachment":[{"href":"https:\/\/chalesdoatlantico.com\/algodoal\/wp-json\/wp\/v2\/media?parent=129"}],"curies":[{"name":"wp","href":"https:\/\/api.w.org\/{rel}","templated":true}]}}