{"id":144,"date":"2019-06-18T18:48:17","date_gmt":"2019-06-18T18:48:17","guid":{"rendered":"http:\/\/chalesdoatlantico.com\/algodoal\/?page_id=144"},"modified":"2019-06-26T20:25:12","modified_gmt":"2019-06-26T20:25:12","slug":"ambiente-familiar","status":"publish","type":"page","link":"https:\/\/chalesdoatlantico.com\/algodoal\/ambiente-familiar\/","title":{"rendered":"Ambiente familiar"},"content":{"rendered":"\n<p>Para quem busca tranquilidade, natureza, praia e lazer com a fam\u00edlia, vai achar tudo isso na <strong>Pousada Chal\u00e9s do Atl\u00e2nticos.<\/strong> Voc\u00ea encontra conforto e um ambiente familiar com atendimento personalizado e caracter\u00edsticas \u00fanicas, tudo isso bem a beira do atl\u00e2ntico, um lugar apropriado para curtir a fam\u00edlia, seja nas f\u00e9rias ou fim de semana. Este \u00e9 o lugar ideal!<\/p>\n\n\n\n<figure class=\"wp-block-image\"><img loading=\"lazy\" decoding=\"async\" width=\"554\" height=\"609\" src=\"http:\/\/chalesdoatlantico.com\/algodoal\/wp-content\/uploads\/2019\/06\/familia.jpg\" alt=\"\" class=\"wp-image-166\" srcset=\"https:\/\/chalesdoatlantico.com\/algodoal\/wp-content\/uploads\/2019\/06\/familia.jpg 554w, https:\/\/chalesdoatlantico.com\/algodoal\/wp-content\/uploads\/2019\/06\/familia-273x300.jpg 273w\" sizes=\"(max-width: 554px) 100vw, 554px\" \/><\/figure>\n\n\n\n    <style type=\"text\/css\">\n\n      #wdi_feed_0 .wdi_feed_header {\n        display: none; \/*if display-header is true display:block*\/\n      }\n\n            #wdi_feed_0 .wdi_header_user_text {\n        padding-top: 5.5px;\n\n      }\n\n      #wdi_feed_0 .wdi_header_user_text h3 {\n        margin-top: 5.5px;\n      }\n\n      #wdi_feed_0 .wdi_media_info {\n        display: block      }\n\n      #wdi_feed_0 .wdi_feed_item {\n        width: 25%; \/*thumbnail_size*\/\n      }\n\n\n            @media screen and (min-width: 800px) and (max-width: 1024px) {\n        #wdi_feed_0 .wdi_feed_item {\n          width: 33.333333333333%; \/*thumbnail_size*\/\n          margin: 0;\n          display: inline-block;\n          vertical-align: top;\n          overflow: hidden;\n        }\n\n        #wdi_feed_0 .wdi_feed_container {\n          width: 100%;\n          margin: 0 auto;\n          background-color: #FFFFFF; \/*feed_container_bg_color*\/\n        }\n\n      }\n\n      @media screen and (min-width: 480px) and (max-width: 800px) {\n        #wdi_feed_0 .wdi_feed_item {\n          width: 50%; \/*thumbnail_size*\/\n          margin: 0;\n          display: inline-block;\n          vertical-align: top;\n          overflow: hidden;\n        }\n\n        #wdi_feed_0 .wdi_feed_container {\n          width: 100%;\n          margin: 0 auto;\n          background-color: #FFFFFF; \/*feed_container_bg_color*\/\n        }\n      }\n\n      @media screen and (max-width: 480px) {\n        #wdi_feed_0 .wdi_feed_item {\n          width: 100%; \/*thumbnail_size*\/\n          margin: 0;\n          display: inline-block;\n          vertical-align: top;\n          overflow: hidden;\n        }\n\n        #wdi_feed_0 .wdi_feed_container {\n          width: 100%;\n          margin: 0 auto;\n          background-color: #FFFFFF; \/*feed_container_bg_color*\/\n        }\n      }\n\n          <\/style>\n        <div id=\"wdi_feed_0\" class=\"wdi_feed_main_container wdi_layout_th wdi_feed_theme_1 wdi_feed_thumbnail_1\"  >\n      <div  class=\"wdi_js_error\">Something is wrong.<br\/><\/div><div  class=\"wdi_token_error wdi_hidden\">Instagram token error.<\/div><div  class=\"wdi_private_feed_error wdi_hidden\"><span><\/span><\/div><div class=\"wdi_check_fontawesome wdi_hidden\"><i class=\"tenweb-i tenweb-i-instagram\"\"><\/i><\/div>      <div id=\"wdi_spider_popup_loading_0\" class=\"wdi_spider_popup_loading\"><\/div>\n      <div id=\"wdi_spider_popup_overlay_0\" class=\"wdi_spider_popup_overlay\"\n           onclick=\"wdi_spider_destroypopup(1000)\"><\/div>\n      <div class=\"wdi_feed_container\">\n        <div class=\"wdi_feed_info\">\n          <div id=\"wdi_feed_0_header\" class='wdi_feed_header'><\/div>\n          <div id=\"wdi_feed_0_users\" class='wdi_feed_users'><\/div>\n        <\/div>\n                <div class=\"wdi_feed_wrapper wdi_col_4\" wdi-res='wdi_col_4'><\/div>\n        <div class=\"wdi_clear\"><\/div>\n                    <div class=\"wdi_load_more wdi_hidden\">\n              <div class=\"wdi_load_more_container\">\n                <div class=\"wdi_load_more_wrap\">\n                  <div class=\"wdi_load_more_wrap_inner\">\n                    <div class=\"wdi_load_more_text\">Load More<\/div>\n                  <\/div>\n                <\/div>\n              <\/div>\n            <\/div>\n            <div class=\"wdi_spinner \">\n              <div class=\"wdi_spinner_container\">\n                <div class=\"wdi_spinner_wrap\">\n                  <div class=\"wdi_spinner_wrap_inner\"><i class=\"wdi_load_more_spinner tenweb-i tenweb-i-spinner\"><\/i><\/div>\n                <\/div>\n              <\/div>\n            <\/div>\n                  <\/div>\n        <div class=\"wdi_front_overlay\"><\/div>\n    <\/div>\n        <style>\n          <\/style>\n        <script>\n          <\/script>\n    \n","protected":false},"excerpt":{"rendered":"<p>Para quem busca tranquilidade, natureza, praia e lazer com a fam\u00edlia, vai achar tudo isso na Pousada Chal\u00e9s do Atl\u00e2nticos. Voc\u00ea encontra conforto e um ambiente familiar com atendimento personalizado e caracter\u00edsticas \u00fanicas, tudo isso bem a beira do atl\u00e2ntico, um lugar apropriado para curtir a fam\u00edlia, seja nas f\u00e9rias ou fim de semana. Este [&hellip;]<\/p>\n","protected":false},"author":1,"featured_media":166,"parent":0,"menu_order":0,"comment_status":"closed","ping_status":"closed","template":"","meta":{"footnotes":""},"_links":{"self":[{"href":"https:\/\/chalesdoatlantico.com\/algodoal\/wp-json\/wp\/v2\/pages\/144"}],"collection":[{"href":"https:\/\/chalesdoatlantico.com\/algodoal\/wp-json\/wp\/v2\/pages"}],"about":[{"href":"https:\/\/chalesdoatlantico.com\/algodoal\/wp-json\/wp\/v2\/types\/page"}],"author":[{"embeddable":true,"href":"https:\/\/chalesdoatlantico.com\/algodoal\/wp-json\/wp\/v2\/users\/1"}],"replies":[{"embeddable":true,"href":"https:\/\/chalesdoatlantico.com\/algodoal\/wp-json\/wp\/v2\/comments?post=144"}],"version-history":[{"count":6,"href":"https:\/\/chalesdoatlantico.com\/algodoal\/wp-json\/wp\/v2\/pages\/144\/revisions"}],"predecessor-version":[{"id":248,"href":"https:\/\/chalesdoatlantico.com\/algodoal\/wp-json\/wp\/v2\/pages\/144\/revisions\/248"}],"wp:featuredmedia":[{"embeddable":true,"href":"https:\/\/chalesdoatlantico.com\/algodoal\/wp-json\/wp\/v2\/media\/166"}],"wp:attachment":[{"href":"https:\/\/chalesdoatlantico.com\/algodoal\/wp-json\/wp\/v2\/media?parent=144"}],"curies":[{"name":"wp","href":"https:\/\/api.w.org\/{rel}","templated":true}]}}