{"id":21,"date":"2019-06-11T15:47:19","date_gmt":"2019-06-11T15:47:19","guid":{"rendered":"http:\/\/chalesdoatlantico.com\/algodoal\/?page_id=21"},"modified":"2023-04-27T15:23:26","modified_gmt":"2023-04-27T15:23:26","slug":"a-ilha-de-algodoal","status":"publish","type":"page","link":"https:\/\/chalesdoatlantico.com\/algodoal\/a-ilha-de-algodoal\/","title":{"rendered":"A Ilha de Algodoal"},"content":{"rendered":"\n<p class=\"has-drop-cap\">Praias, mangues, lagos de \u00e1gua doce, dunas, igarap\u00e9s. Esta \u00e9 a \u201cinfraestrutura\u201d de Maiandeua, que na l\u00edngua tupi significa \u201cm\u00e3e terra\u201d. A ilha est\u00e1 localizada no munic\u00edpio de Maracan\u00e3, na regi\u00e3o do Salgado, nordeste do Par\u00e1, a 181 km de Bel\u00e9m e 40 minutos de barco. O apelido \u201cAlgodoal\u201d vem do nome da maior das quatro vilas da ilha, batizada assim pelos pescadores por causa do algod\u00e3o de seda, planta nativa, cujas sementes com filetes brancos flutuam ao sabor do vento, lembrando o algod\u00e3o. As outras tr\u00eas vilas s\u00e3o Fortalezinha, Camboinha e Mocooca.<\/p>\n\n\n\n<p>Mas a ilha \u00e9 conhecida mesmo por suas praias que misturam\ncen\u00e1rios oce\u00e2nicos de sol e mar do Atl\u00e2ntico com canais, dunas e manguezais;\npelos furos da sua geografia que a separam do continente; pelos canais de mar\u00e9s\nque separam suas vilas, cobrem e descobrem areias e por\u00e7\u00f5es de manguezais;\nlagoas que surgem e partem de seis em seis horas.<\/p>\n\n\n\n<div class=\"wp-block-image\"><figure class=\"alignleft size-large\"><img loading=\"lazy\" decoding=\"async\" width=\"1024\" height=\"683\" src=\"http:\/\/chalesdoatlantico.com\/algodoal\/wp-content\/uploads\/2023\/04\/1c-1024x683.jpg\" alt=\"\" class=\"wp-image-900\" srcset=\"https:\/\/chalesdoatlantico.com\/algodoal\/wp-content\/uploads\/2023\/04\/1c-1024x683.jpg 1024w, https:\/\/chalesdoatlantico.com\/algodoal\/wp-content\/uploads\/2023\/04\/1c-300x200.jpg 300w, https:\/\/chalesdoatlantico.com\/algodoal\/wp-content\/uploads\/2023\/04\/1c-768x512.jpg 768w, https:\/\/chalesdoatlantico.com\/algodoal\/wp-content\/uploads\/2023\/04\/1c.jpg 1300w\" sizes=\"(max-width: 1024px) 100vw, 1024px\" \/><figcaption>Chegada a Ilha<\/figcaption><\/figure><\/div>\n\n\n\n<p>Os nativos ainda pescam como seus antepassados, em canoas,\njangadas coloridas ou armando labirintos feitos de galhos para cercar os\npeixes; ainda moram em choupanas de barro e casas de madeira. Algumas moradas\ns\u00e3o constru\u00eddas nas areias, com redes estendidas no alto de toras a mais de um\nmetro do ch\u00e3o, para proteger das \u00e1guas na mar\u00e9 alta. Ainda fazem caldeiradas,\nfritam e assam em fogueiras armadas nas areias da praia, em qualquer lugar,\nperto dos manguezais \u2013 maravilhosos ber\u00e7\u00e1rios naturais de peixes, camar\u00f5es,\nmexilh\u00f5es, caranguejos, ostras e do ex\u00f3tico turu.<\/p>\n\n\n\n<p>Para chegar at\u00e9 Algodoal \u00e9 preciso ir de barco. Uma vez l\u00e1,\nsomente \u00e9 poss\u00edvel explor\u00e1-la a p\u00e9 ou a bordo de uma carro\u00e7a puxada a cavalo. A\n\u00e1gua \u00e9 tirada de po\u00e7os artesianos e somente em 2005 a energia el\u00e9trica foi\nligada por l\u00e1.<\/p>\n\n\n\n<p>O som do maracatu e carimb\u00f3 divide com o reggae a prefer\u00eancia musical. E a culin\u00e1ria local \u00e9 marcada pelo \u201cavuado\u201d, o jeito simples de assar o peixe na brasa, num buraco aberto na areia; e na degusta\u00e7\u00e3o do turu, molusco que se alimenta do tronco de \u00e1rvores dos manguezais, fino como um dedo, gelatinoso como uma minhoca, que os ribeirinhos comem ali mesmo, cru, ou preparado como sopa: o caldo de turu. Uma iguaria. <\/p>\n\n\n\n<p style=\"font-size:18px\"><strong>Sob o sol de Algodoal<\/strong><\/p>\n\n\n\n<p>S\u00e3o 19 km\u00b2 de ilha. Um local, literalmente, p\u00e9 na areia. Sem\ncerim\u00f4nias. Mas n\u00e3o se esque\u00e7a de cal\u00e7ar os t\u00eanis para cruzar os mangues e\nfazer trilhas. Algodoal oferece praias extensas \u2013 como a da Princesa, com 14\nkm, trilhas ecol\u00f3gicas, passeios de canoa e de veleiro, pesca esportiva e,\n\u00e0queles que desejam uma pitada de adrenalina, carro a vela para correr na\npraia. O&nbsp;windcar&nbsp;\u00e9 um ve\u00edculo com tr\u00eas rodas e movido \u00e0 vela, como no\nwindsurfe, e chega a atingir 70 km\/h. Um meio de transporte n\u00e3o poluente que\npode ser usado para passeios pelas praias da ilha. Um esporte e uma atra\u00e7\u00e3o\ntur\u00edstica ecologicamente corretos.<\/p>\n\n\n\n<p style=\"font-size:18px\"><strong>Praia da Princesa<\/strong><\/p>\n\n\n\n<div class=\"wp-block-image\"><figure class=\"alignleft is-resized\"><img loading=\"lazy\" decoding=\"async\" src=\"http:\/\/chalesdoatlantico.com\/algodoal\/wp-content\/uploads\/2019\/06\/alg2.jpg\" alt=\"\" class=\"wp-image-188\" width=\"284\" height=\"213\" srcset=\"https:\/\/chalesdoatlantico.com\/algodoal\/wp-content\/uploads\/2019\/06\/alg2.jpg 620w, https:\/\/chalesdoatlantico.com\/algodoal\/wp-content\/uploads\/2019\/06\/alg2-300x225.jpg 300w\" sizes=\"(max-width: 284px) 100vw, 284px\" \/><figcaption> Vista a\u00e9rea Praia da Princesa <\/figcaption><\/figure><\/div>\n\n\n\n<p>V\u00e1 de carro\u00e7a ou caminhando at\u00e9 a praia mais badalada da\nilha. Com 14 km de extens\u00e3o, a Praia da Princesa conta com infraestrutura de\nbares e restaurantes, especialmente na alta temporada. Duas trilhas com cerca\nde 30 minutos de percurso, entre mangues ou dunas, levam a v\u00e1rias lagoas de\n\u00e1gua doce. A Lagoa da Princesa \u00e9 especialmente bela, com suas \u00e1guas escuras,\ncor de coca cola, que contrastam com as areias brancas e finas que emolduram a\nlagoa. Cajueiros e ajurus completam a paisagem.<\/p>\n\n\n\n<p style=\"font-size:18px\"><strong>Lago da princesa<\/strong><\/p>\n\n\n\n<p>\u00c9 uma das maiores atra\u00e7\u00f5es da ilha. Sua principal\ncaracter\u00edstica \u00e9 a vegeta\u00e7\u00e3o de cajueiros e ajurus. Possui dunas que o\ncircundam, \u00e1guas escuras, areias claras e finas. No ver\u00e3o o lago \u00e9 raso e no\ninverno, devido \u00e0s chuvas, as \u00e1guas s\u00e3o abundantes. O acesso \u00e9 feito por\npequenas trilhas a partir da praia da Princesa, a cerca de 3km da vila de\nAlgodoal.<\/p>\n\n\n\n<p style=\"font-size:9px\">Texto g1.globo.com<\/p>\n","protected":false},"excerpt":{"rendered":"<p>Praias, mangues, lagos de \u00e1gua doce, dunas, igarap\u00e9s. Esta \u00e9 a \u201cinfraestrutura\u201d de Maiandeua, que na l\u00edngua tupi significa \u201cm\u00e3e terra\u201d. A ilha est\u00e1 localizada no munic\u00edpio de Maracan\u00e3, na regi\u00e3o do Salgado, nordeste do Par\u00e1, a 181 km de Bel\u00e9m e 40 minutos de barco. O apelido \u201cAlgodoal\u201d vem do nome da maior das [&hellip;]<\/p>\n","protected":false},"author":1,"featured_media":38,"parent":0,"menu_order":2,"comment_status":"closed","ping_status":"closed","template":"","meta":{"footnotes":""},"_links":{"self":[{"href":"https:\/\/chalesdoatlantico.com\/algodoal\/wp-json\/wp\/v2\/pages\/21"}],"collection":[{"href":"https:\/\/chalesdoatlantico.com\/algodoal\/wp-json\/wp\/v2\/pages"}],"about":[{"href":"https:\/\/chalesdoatlantico.com\/algodoal\/wp-json\/wp\/v2\/types\/page"}],"author":[{"embeddable":true,"href":"https:\/\/chalesdoatlantico.com\/algodoal\/wp-json\/wp\/v2\/users\/1"}],"replies":[{"embeddable":true,"href":"https:\/\/chalesdoatlantico.com\/algodoal\/wp-json\/wp\/v2\/comments?post=21"}],"version-history":[{"count":12,"href":"https:\/\/chalesdoatlantico.com\/algodoal\/wp-json\/wp\/v2\/pages\/21\/revisions"}],"predecessor-version":[{"id":901,"href":"https:\/\/chalesdoatlantico.com\/algodoal\/wp-json\/wp\/v2\/pages\/21\/revisions\/901"}],"wp:featuredmedia":[{"embeddable":true,"href":"https:\/\/chalesdoatlantico.com\/algodoal\/wp-json\/wp\/v2\/media\/38"}],"wp:attachment":[{"href":"https:\/\/chalesdoatlantico.com\/algodoal\/wp-json\/wp\/v2\/media?parent=21"}],"curies":[{"name":"wp","href":"https:\/\/api.w.org\/{rel}","templated":true}]}}